{"id":1246,"date":"2019-10-23T01:54:18","date_gmt":"2019-10-23T00:54:18","guid":{"rendered":"https:\/\/www.retorta.it\/privacy-policy\/"},"modified":"2022-12-05T11:30:13","modified_gmt":"2022-12-05T10:30:13","slug":"privacy-policy","status":"publish","type":"page","link":"https:\/\/www.retorta.it\/en\/privacy-policy\/","title":{"rendered":"Privacy Policy"},"content":{"rendered":"<div class=\"wpb-content-wrapper\"><p>[vc_row][vc_column][g5element_space spacing=&#8221;100&#8243; spacing_md=&#8221;10&#8243;][vc_column_text el_class=&#8221;txtStndrdRetorta&#8221;]<\/p>\r\n<p class=\"p1\"><span class=\"s1\">Informativa Privacy<\/span><\/p>\r\n<p class=\"p3\"><span class=\"s1\"><b>INFORMATIVA SULLA PRIVACY E COOKIE POLICY<\/b><\/span><\/p>\r\n<p class=\"p4\"><span class=\"s1\">La protezione dei suoi dati personali \u00e8 fondamentale per Retorta.it e ci impegniamo a garantirle un livello di tutela e sicurezza conforme al Regolamento UE 2016\/679. La invitiamo a prendere visione della seguente informativa.<\/span><\/p>\r\n<p class=\"p5\"><span class=\"s1\"><b> 1. 1.\u00a0\u00a0\u00a0\u00a0\u00a0TITOLARE DEL TRATTAMENTO<\/b><\/span><\/p>\r\n<p class=\"p4\"><span class=\"s1\">Il Titolare del trattamento dei suoi dati personali \u00e8 la societ\u00e0 Manifatture Toscane Ta-Bru s.p.a., con sede legale in Via Indicatorio, 81 &#8211; 50058 Signa (FI), Italia; iscritta al repertorio della attivit\u00e0 economiche (REA) di Firenze con num. 86328 C.F. e P.I.V.A. 00407370485, pec:\u00a0<a href=\"mailto:info@pec.tabru.it\"><span class=\"s2\">info@pec.tabru.it<\/span><\/a>, email ordinaria: privacy<a href=\"mailto:\"><span class=\"s2\">@tabru.it<\/span><\/a>\u00a0(di seguito il \u201cTitolare\u201d).<\/span><\/p>\r\n<p class=\"p5\"><span class=\"s1\"><b> 1. 2.\u00a0\u00a0\u00a0\u00a0\u00a0DATI RACCOLTI, FINALITA\u2019 E BASE GIURIDICA DEI TRATTAMENTI<\/b><\/span><\/p>\r\n<p class=\"p4\"><span class=\"s1\">La raccolta dei dati personali dell\u2019Interessato \u00e8\u00a0<b>limitata<\/b>\u00a0alle informazioni strettamente necessarie a gestire correttamente il servizio richiesto al Titolare, dall\u2019ordine alla consegna, a fornire un servizio clienti dedicato pre e post-vendita, a fornire, dietro espresso consenso dell\u2019interessato, informazioni pubblicitarie.<\/span><\/p>\r\n<p class=\"p6\"><span class=\"s1\"> 1. Raccogliamo direttamente dall\u2019Interessato i seguenti dati personali:\u00a0<b>Informazioni account<\/b>\u00a0(nome e cognome, indirizzo email);\u00a0<b>Informazioni di contatto<\/b>\u00a0(Nome e Cognome, Dati per la fatturazione, Indirizzo di fatturazione, Indirizzo di spedizione, Telefono, Fax). Le finalit\u00e0 di queste raccolte e dei relativi trattamenti sono l\u2019attivazione e il corretto funzionamento dei servizi di vendita del Titolare. A titolo esemplificativo per consentire la gestione e l\u2019evasione degli ordini effettuati dall\u2019Interessato, la comunicazione con lo stesso, la fatturazione e la consegna dei prodotti ordinati sul Sito, l\u2019attivazione e la messa a disposizione dell\u2019Interessato del servizio di assistenza clienti. In aggiunta a ci\u00f2, la raccolta e il trattamento dei dati personali \u00e8 anche finalizzato all\u2019adempimento agli obblighi previsti dalla normativa italiana e europea, nonch\u00e9 per l\u2019esercizio dei diritti del Titolare in sede giudiziale e stragiudiziale. Si precisa che la comunicazione dei dati personali costituenti le Informazioni di contatto sono necessarie per la conclusione e l\u2019esecuzione del contratto di vendita e quindi, in assenza di tali dati, il Titolare non potr\u00e0 dare seguito all\u2019ordine effettuato sul Sito dall\u2019interessato. Le basi giuridiche di questi trattamenti sono: il consenso espresso dell\u2019interessato per l\u2019invio di proposte commerciali, in forma telematica, digitale o cartacea, relative e\/o connesse ai servizi del Titolare e per l&#8217;invio di materiale pubblicitario relativo esclusivamente ai suddetti prodotti o servizi o di comunicazione commerciale, ivi inclusa la newsletter relativa alle offerte sul Sito, nonch\u00e9 per lo svolgimento di ricerche di mercato, anche dirette a valutare il grado di soddisfazione degli Utenti e Clienti, (c.d. finalit\u00e0 di \u201cmarketing\u201d, anche diretto), oltre alla eventuale profilazione delle preferenze d\u2019acquisto (art. 6, \u00a7 1, lett. a) del Reg. UE 2016\/679); l\u2019esecuzione del contratto di vendita instaurato con l\u2019ordine da parte dell\u2019Interessato e l\u2019esecuzione delle misure precontrattuali eventualmente richieste dal medesimo (es. comunicazioni pre-vendita e post-vendita, v. art. 6, \u00a7 1, lett. b) del Reg. UE 2016\/679); l\u2019adempimento degli obblighi legali gravanti sul Titolare del trattamento in ragione della normativa fiscale e tributaria italiana (art. 6, \u00a7 1, lett. c) del Reg. UE 2016\/679).<\/span><\/p>\r\n<p class=\"p6\"><span class=\"s1\"> 2. Raccogliamo automaticamente dall\u2019Interessato i seguenti dati:\u00a0<b>Informazioni di navigazione e di preferenze<\/b>. Le finalit\u00e0 di questa raccolta e dei trattamenti relativi sono volte a garantire le prestazioni ottimali di navigazione e per la funzionalit\u00e0 del sito medesimo (ad es. l\u2019ottimizzazione dello schermo sul dispositivo usato dall\u2019Interessato); la raccolta di dati statistici, quindi in forma anonima e non personale; la personalizzazione e pubblicit\u00e0 mirata. Le basi giuridiche di questi trattamenti sono: il consenso espresso dell\u2019interessato per la sola profilazione delle preferenze d\u2019acquisto (art. 6, \u00a7 1, lett. a) del Reg. UE 2016\/679), se usata ; il trattamento \u00e8 necessario per la corretta ed ottimale visualizzazione, navigazione e funzionamento del sito dal dispositivo prescelto dell\u2019Interessato, essendo legittimo interesse del Titolare il corretto funzionamento del Sito e non ostando a ci\u00f2 preminenti interessi, diritti o libert\u00e0 fondamentali dell\u2019interessato che, in qualit\u00e0 di Interessato del Sito, con la navigazione presta anche un consenso esplicito a tali trattamenti automatizzati (art. 6, \u00a7 1, lett. a) e f) del Reg. UE 2016\/679). Per ogni maggiore informazione vedi la cookie policy.<\/span><\/p>\r\n<p class=\"p6\"><span class=\"s1\"> 3. L\u2019Interessato pu\u00f2 accedere al Sito anche tramite siti di terze parti e social network. Cos\u00ec facendo, l\u2019Interessato accetta che tali siti trasmettano al Titolare i dati necessari per la registrazione sul Sito, restando responsabilit\u00e0 dell\u2019Interessato verificarne previamente la correttezza e completezza per usufruire dei servizi del Titolare e sua facolt\u00e0 di richiederne la correzione secondo le funzionalit\u00e0 del Sito. Con riferimento ai plug-in forniti dalla piattaforma Facebook.com, i dettagli sul loro funzionamento sono disponibili al seguente link:\u00a0<a href=\"http:\/\/developers.facebook.com\/\"><span class=\"s2\">http:\/\/developers.facebook.com\/<\/span><\/a>, del cui aggiornamento il Titolare non \u00e8 responsabile. Per impedire la trasmissione e la memorizzazione dei dati relativi alla navigazione Internet tramite Facebook l\u2019interessato dovr\u00e0 disconnettersi da Facebook prima di visitare il Sito.<\/span><\/p>\r\n<p class=\"p6\"><span class=\"s1\"> 4. Non raccogliamo altra informazione n\u00e9 utilizziamo i dati raccolti per finalit\u00e0 diverse da quelle indicate in questa informativa. L\u2019Interessato sar\u00e0 sempre aggiornato, mediante l\u2019aggiornamento del Sito e della presente informativa, le newsletter dedicate e apposite informazioni in area clienti, di eventuali raccolte di dati nuovi e\/o ulteriori o di trattamenti con finalit\u00e0 differenti.<\/span><\/p>\r\n<p class=\"p5\"><span class=\"s1\"><b> 1. 3.\u00a0\u00a0\u00a0\u00a0\u00a0DESTINATARI DEI DATI PERSONALI<\/b><\/span><\/p>\r\n<p class=\"p4\"><span class=\"s1\">Come\u00a0<b>regola di default<\/b>, i dati personali dell\u2019Interessato non sono diffusi, comunicati o ceduti a terzi e, al contrario, saranno sempre conservati in maniera sicura e riservata.<\/span><\/p>\r\n<p class=\"p4\"><span class=\"s1\">Al solo fine della corretta esecuzione dei servizi di vendita richiesti dall\u2019interessato, comunicheremo i dati ai nostri fornitori per evadere l\u2019ordine come richiesto dall\u2019interessato e sulla base delle informazioni dallo stesso fornite. Procederemo altres\u00ec a comunicare i dati dell\u2019interessato quando imposto dalla legge applicabile, ad esempio in ambito fiscale e tributario. Potremmo avere necessit\u00e0 di comunicare i dati dell\u2019interessato a terzi in caso di recupero crediti o difesa dei diritti del Titolare.<\/span><\/p>\r\n<p class=\"p4\"><span class=\"s1\">Al di l\u00e0 di quanto sopra esposto, non \u00e8 prevista la diffusione, trasmissione, comunicazione o cessione di dati al di fuori del territorio italiano.<\/span><\/p>\r\n<p class=\"p5\"><span class=\"s1\"><b> 1. 4.\u00a0\u00a0\u00a0\u00a0\u00a0PERIODO DI CONSERVAZIONE DEI DATI<\/b><\/span><\/p>\r\n<p class=\"p4\"><span class=\"s1\">I dati personali dell\u2019interessato saranno conservati e trattati per tutto il periodo di registrazione dello stesso nell\u2019area clienti riservata. A seguito della richiesta di cancellazione dei dati da parte dell\u2019interessato, il Titolare proceder\u00e0 in tal senso entro e non oltre i 30 (trenta) giorni successivi quello di ricezione della richiesta.<\/span><\/p>\r\n<p class=\"p4\"><span class=\"s1\">I dati personali degli iscritti della newsletter saranno conservati e trattati per tutto il periodo desiderato dall\u2019interessato, fino alla richiesta di cancellazione.<\/span><\/p>\r\n<p class=\"p4\"><span class=\"s1\">Il Titolare conserver\u00e0 per i periodi imposti dalla normativa italiana ed europea tutta la documentazione inerenti i contratti conclusi con gli interessati, ivi inclusa la documentazione fiscale e quella relativa alla consegna della merce ordinata. Tale periodo, di norma, \u00e8 pari a 10 (dieci) anni dall\u2019esecuzione del contratto.<\/span><\/p>\r\n<p class=\"p5\"><span class=\"s1\"><b> 1. 5.\u00a0\u00a0\u00a0\u00a0\u00a0I DIRITTI DELL\u2019INTERESSATO<\/b><\/span><\/p>\r\n<p class=\"p4\"><span class=\"s1\">Con riferimento ai dati personali raccolti dal Titolare sul Sito, l\u2019interessato pu\u00f2 esercitare tutti i seguenti\u00a0<b>diritti<\/b>:<\/span><\/p>\r\n<p class=\"p5\"><span class=\"s1\"><b> 1. Accedere ai propri dati personali<\/b>\u00a0ai sensi dell\u2019art. 15 Reg. UE 2016\/679. Questo diritto include anche la facolt\u00e0 di ottenere copia dei dati personali raccolti e trattati dal Titolare. Previa verifica della legittimit\u00e0 della richiesta, il Titolare rilascer\u00e0 le informazioni richieste e copia dei dati.<\/span><\/p>\r\n<p class=\"p6\"><span class=\"s1\"> 2. Chiedere la<b>\u00a0rettifica<\/b>\u00a0dei propri dati personali ai sensi dell\u2019art. 16 Reg. UE 2016\/679. Il Titolare comunicher\u00e0 tale rettifica agli eventuali destinatari dei dati personali ai sensi dell\u2019art. 19 Reg. UE 2016\/679, salvo ci\u00f2 sia impossibile o implichi sforzi sproporzionati, restando facolt\u00e0 dell\u2019interessato di conoscere l\u2019identit\u00e0 dei destinatari medesimi.<\/span><\/p>\r\n<p class=\"p6\"><span class=\"s1\"> 3. Chiedere la\u00a0<b>cancellazione<\/b>\u00a0dei propri dati personali (cd.\u00a0<b>diritto all\u2019oblio<\/b>) ai sensi e nei limiti stabiliti dall\u2019art. 17 Reg. UE 2016\/679. Il Titolare comunicher\u00e0 tale rettifica agli eventuali destinatari dei dati personali ai sensi dell\u2019art. 19 Reg. UE 2016\/679, salvo ci\u00f2 sia impossibile o implichi sforzi sproporzionati, restando facolt\u00e0 dell\u2019interessato di conoscere l\u2019identit\u00e0 dei destinatari medesimi.<\/span><\/p>\r\n<p class=\"p6\"><span class=\"s1\"> 4. Chiedere la<b>\u00a0limitazione\u00a0<\/b>al trattamento dei propri dati personali ai sensi e nei limiti stabiliti dall\u2019art. 18 Reg. UE 2016\/679. Il Titolare comunicher\u00e0 tale rettifica agli eventuali destinatari dei dati personali ai sensi dell\u2019art. 19 Reg. UE 2016\/679, salvo ci\u00f2 sia impossibile o implichi sforzi sproporzionati, restando facolt\u00e0 dell\u2019interessato di conoscere l\u2019identit\u00e0 dei destinatari medesimi.<\/span><\/p>\r\n<p class=\"p5\"><span class=\"s1\"><b> 5. Opporsi<\/b>\u00a0al trattamento dei propri dati personali ai sensi e nei limiti di cui all\u2019art. 21 Reg. UE 2016\/679. Il Titolare mette a disposizione in modo evidente sul Sito (area clienti e informativa privacy e coookie policy) il modulo attraverso il quale l\u2019interessato pu\u00f2 consentire o negare al trattamento dei propri dati a fini di marketing, diretto e indiretto, e di profilazione delle preferenze d\u2019acquisto, se usata.<\/span><\/p>\r\n<p class=\"p6\"><span class=\"s1\"> 6. Chiedere la\u00a0<b>portabilit\u00e0<\/b>\u00a0dei propri dati personali, ai sensi e nei limiti stabiliti dall\u2019art. 20 Reg. UE 2016\/679. Il Titolare si riserva di verificare la fattibilit\u00e0 tecnica della trasmissione ad altro titolare del trattamento indicato dall\u2019interessato caso per caso.<\/span><\/p>\r\n<p class=\"p6\"><span class=\"s1\"> 7. Senza pregiudizio per i trattamenti gi\u00e0 avvenuti,\u00a0<b>revocare<\/b>\u00a0in qualsiasi momento il\u00a0<b>consenso<\/b>\u00a0gi\u00e0 prestato per l\u2019invio di proposte commerciali, in forma telematica, digitale o cartacea, relative e\/o connesse ai servizi del Titolare e per l&#8217;invio di materiale pubblicitario relativo esclusivamente ai suddetti prodotti o servizi o di comunicazione commerciale, ivi inclusa la newsletter relativa alle offerte sul Sito, nonch\u00e9 per lo svolgimento di ricerche di mercato, anche dirette a valutare il grado di soddisfazione degli Utenti e Clienti, (c.d. finalit\u00e0 di \u201cmarketing\u201d), oltre per la profilazione delle preferenze d\u2019acquisto, se usata.<\/span><\/p>\r\n<p class=\"p6\"><span class=\"s1\"> 8. Proporre\u00a0<b>reclamo<\/b>\u00a0a un\u2019autorit\u00e0 di controllo ai sensi dell\u2019art. 77 Reg. UE 2016\/679.<\/span><\/p>\r\n<p class=\"p4\"><span class=\"s1\">L\u2019interessato potr\u00e0 inviare le proprie richieste scritte inerenti l\u2019esercizio dei propri diritti sui dati personali al Titolare ai seguenti recapiti:<\/span><\/p>\r\n<p class=\"p7\"><span class=\"s1\"><b>Manifatture Toscane Ta-Bru s.p.a.<\/b><\/span><\/p>\r\n<p class=\"p4\"><span class=\"s1\">Via Indicatorio, 81 &#8211; 50058 Signa (FI)<\/span><\/p>\r\n<p class=\"p4\"><span class=\"s1\">Italia<\/span><\/p>\r\n<p class=\"p8\"><span class=\"s3\">Email:\u00a0<a href=\"mailto:info@retorta.it\"><span class=\"s4\">info@retorta.it<\/span><\/a>\u00a0[meglio\u00a0<a href=\"mailto:privacy@retorta.it\"><span class=\"s4\">privacy@retorta.it<\/span><\/a>]<\/span><\/p>\r\n<p class=\"p8\"><span class=\"s3\">PEC:\u00a0<a href=\"mailto:info@pec.tabru.it\"><span class=\"s4\">info@pec.tabru.it<\/span><\/a><\/span><\/p>\r\n<p class=\"p4\"><span class=\"s1\">L\u2019esercizio dei diritti suddetti non pregiudicher\u00e0 in alcun modo la possibilit\u00e0 dell\u2019interessato di registrarsi nuovamente al sito e, pi\u00f9 in generale, di usufruire dei servizi del Titolare.<\/span><\/p>\r\n<p class=\"p5\"><span class=\"s1\"><b> 1. 6.\u00a0\u00a0\u00a0\u00a0\u00a0COOKIES<\/b><\/span><\/p>\r\n<p class=\"p4\"><span class=\"s1\">Questo sito utilizza cookie, anche di terze parti, per migliorarne l\u2019esperienza di navigazione e consentire a chi naviga di usufruire dei nostri servizi online e di visualizzare pubblicit\u00e0 in linea con le proprie preferenze.<\/span><\/p>\r\n<p class=\"p4\"><span class=\"s1\">I cookies utilizzati in questo sito rientrano nelle categorie descritte di seguito.<\/span><\/p>\r\n<p class=\"p4\"><span class=\"s1\">Cliccando il tasto \u201cOk, ho capito\u201d o con la semplice navigazione del Sito, l\u2019interessato esprime il consenso esplicito all\u2019utilizzo di tutti i cookie, ferma restando la possibilit\u00e0 di revocare il consenso ai cookie necessari alla sola profilazione delle ricerche e degli acquisti effettuati, se usata.<\/span><\/p>\r\n<p class=\"p4\"><span class=\"s1\">Per ulteriori informazioni, si rimanda alla\u00a0<a href=\"https:\/\/www.retorta.it\/cookie-policy\/\"><span class=\"s2\">informativa estesa sui cookies<\/span><\/a>.<\/span><\/p>\r\n<p>[\/vc_column_text][\/vc_column][\/vc_row]<\/p>\r\n<\/div>","protected":false},"excerpt":{"rendered":"<p>[vc_row][vc_column][g5element_space spacing=&#8221;100&#8243; spacing_md=&#8221;10&#8243;][vc_column_text el_class=&#8221;txtStndrdRetorta&#8221;] Informativa Privacy INFORMATIVA SULLA PRIVACY E COOKIE POLICY La protezione dei suoi dati personali \u00e8 fondamentale per Retorta.it e ci impegniamo a garantirle un livello di tutela e sicurezza conforme al Regolamento UE 2016\/679. La invitiamo a prendere visione della seguente informativa. 1. 1.\u00a0\u00a0\u00a0\u00a0\u00a0TITOLARE DEL TRATTAMENTO Il Titolare del trattamento dei [&hellip;]<\/p>\n","protected":false},"author":7,"featured_media":0,"parent":0,"menu_order":0,"comment_status":"closed","ping_status":"open","template":"","meta":{"footnotes":""},"class_list":["post-1246","page","type-page","status-publish","hentry"],"yoast_head":"<!-- This site is optimized with the Yoast SEO plugin v27.3 - https:\/\/yoast.com\/product\/yoast-seo-wordpress\/ -->\n<title>Privacy Policy - Retorta<\/title>\n<meta name=\"robots\" content=\"index, follow, max-snippet:-1, max-image-preview:large, max-video-preview:-1\" \/>\n<link rel=\"canonical\" href=\"https:\/\/www.retorta.it\/en\/privacy-policy\/\" \/>\n<meta property=\"og:locale\" content=\"en_US\" \/>\n<meta property=\"og:type\" content=\"article\" \/>\n<meta property=\"og:title\" content=\"Privacy Policy - Retorta\" \/>\n<meta property=\"og:description\" content=\"[vc_row][vc_column][g5element_space spacing=&#8221;100&#8243; spacing_md=&#8221;10&#8243;][vc_column_text el_class=&#8221;txtStndrdRetorta&#8221;] Informativa Privacy INFORMATIVA SULLA PRIVACY E COOKIE POLICY La protezione dei suoi dati personali \u00e8 fondamentale per Retorta.it e ci impegniamo a garantirle un livello di tutela e sicurezza conforme al Regolamento UE 2016\/679. La invitiamo a prendere visione della seguente informativa. 1. 1.\u00a0\u00a0\u00a0\u00a0\u00a0TITOLARE DEL TRATTAMENTO Il Titolare del trattamento dei [&hellip;]\" \/>\n<meta property=\"og:url\" content=\"https:\/\/www.retorta.it\/en\/privacy-policy\/\" \/>\n<meta property=\"og:site_name\" content=\"Retorta\" \/>\n<meta property=\"article:publisher\" content=\"https:\/\/www.facebook.com\/retortafirenze1906\" \/>\n<meta property=\"article:modified_time\" content=\"2022-12-05T10:30:13+00:00\" \/>\n<meta name=\"twitter:card\" content=\"summary_large_image\" \/>\n<meta name=\"twitter:label1\" content=\"Est. reading time\" \/>\n\t<meta name=\"twitter:data1\" content=\"9 minutes\" \/>\n<script type=\"application\/ld+json\" class=\"yoast-schema-graph\">{\"@context\":\"https:\\\/\\\/schema.org\",\"@graph\":[{\"@type\":\"WebPage\",\"@id\":\"https:\\\/\\\/www.retorta.it\\\/en\\\/privacy-policy\\\/\",\"url\":\"https:\\\/\\\/www.retorta.it\\\/en\\\/privacy-policy\\\/\",\"name\":\"Privacy Policy - Retorta\",\"isPartOf\":{\"@id\":\"https:\\\/\\\/www.retorta.it\\\/#website\"},\"datePublished\":\"2019-10-23T00:54:18+00:00\",\"dateModified\":\"2022-12-05T10:30:13+00:00\",\"breadcrumb\":{\"@id\":\"https:\\\/\\\/www.retorta.it\\\/en\\\/privacy-policy\\\/#breadcrumb\"},\"inLanguage\":\"en-US\",\"potentialAction\":[{\"@type\":\"ReadAction\",\"target\":[\"https:\\\/\\\/www.retorta.it\\\/en\\\/privacy-policy\\\/\"]}]},{\"@type\":\"BreadcrumbList\",\"@id\":\"https:\\\/\\\/www.retorta.it\\\/en\\\/privacy-policy\\\/#breadcrumb\",\"itemListElement\":[{\"@type\":\"ListItem\",\"position\":1,\"name\":\"Home\",\"item\":\"https:\\\/\\\/www.retorta.it\\\/en\\\/\"},{\"@type\":\"ListItem\",\"position\":2,\"name\":\"Privacy Policy\"}]},{\"@type\":\"WebSite\",\"@id\":\"https:\\\/\\\/www.retorta.it\\\/#website\",\"url\":\"https:\\\/\\\/www.retorta.it\\\/\",\"name\":\"Retorta \u2013 Firenze 1906\",\"description\":\"Firenze 1906\",\"publisher\":{\"@id\":\"https:\\\/\\\/www.retorta.it\\\/#organization\"},\"potentialAction\":[{\"@type\":\"SearchAction\",\"target\":{\"@type\":\"EntryPoint\",\"urlTemplate\":\"https:\\\/\\\/www.retorta.it\\\/?s={search_term_string}\"},\"query-input\":{\"@type\":\"PropertyValueSpecification\",\"valueRequired\":true,\"valueName\":\"search_term_string\"}}],\"inLanguage\":\"en-US\"},{\"@type\":\"Organization\",\"@id\":\"https:\\\/\\\/www.retorta.it\\\/#organization\",\"name\":\"Retorta \u2013 Firenze 1906\",\"url\":\"https:\\\/\\\/www.retorta.it\\\/\",\"logo\":{\"@type\":\"ImageObject\",\"inLanguage\":\"en-US\",\"@id\":\"https:\\\/\\\/www.retorta.it\\\/#\\\/schema\\\/logo\\\/image\\\/\",\"url\":\"https:\\\/\\\/www.retorta.it\\\/wp-content\\\/uploads\\\/2022\\\/12\\\/logo_red_new.png\",\"contentUrl\":\"https:\\\/\\\/www.retorta.it\\\/wp-content\\\/uploads\\\/2022\\\/12\\\/logo_red_new.png\",\"width\":225,\"height\":130,\"caption\":\"Retorta \u2013 Firenze 1906\"},\"image\":{\"@id\":\"https:\\\/\\\/www.retorta.it\\\/#\\\/schema\\\/logo\\\/image\\\/\"},\"sameAs\":[\"https:\\\/\\\/www.facebook.com\\\/retortafirenze1906\",\"https:\\\/\\\/www.instagram.com\\\/retortafirenze1906\\\/\"]}]}<\/script>\n<!-- \/ Yoast SEO plugin. -->","yoast_head_json":{"title":"Privacy Policy - Retorta","robots":{"index":"index","follow":"follow","max-snippet":"max-snippet:-1","max-image-preview":"max-image-preview:large","max-video-preview":"max-video-preview:-1"},"canonical":"https:\/\/www.retorta.it\/en\/privacy-policy\/","og_locale":"en_US","og_type":"article","og_title":"Privacy Policy - Retorta","og_description":"[vc_row][vc_column][g5element_space spacing=&#8221;100&#8243; spacing_md=&#8221;10&#8243;][vc_column_text el_class=&#8221;txtStndrdRetorta&#8221;] Informativa Privacy INFORMATIVA SULLA PRIVACY E COOKIE POLICY La protezione dei suoi dati personali \u00e8 fondamentale per Retorta.it e ci impegniamo a garantirle un livello di tutela e sicurezza conforme al Regolamento UE 2016\/679. La invitiamo a prendere visione della seguente informativa. 1. 1.\u00a0\u00a0\u00a0\u00a0\u00a0TITOLARE DEL TRATTAMENTO Il Titolare del trattamento dei [&hellip;]","og_url":"https:\/\/www.retorta.it\/en\/privacy-policy\/","og_site_name":"Retorta","article_publisher":"https:\/\/www.facebook.com\/retortafirenze1906","article_modified_time":"2022-12-05T10:30:13+00:00","twitter_card":"summary_large_image","twitter_misc":{"Est. reading time":"9 minutes"},"schema":{"@context":"https:\/\/schema.org","@graph":[{"@type":"WebPage","@id":"https:\/\/www.retorta.it\/en\/privacy-policy\/","url":"https:\/\/www.retorta.it\/en\/privacy-policy\/","name":"Privacy Policy - Retorta","isPartOf":{"@id":"https:\/\/www.retorta.it\/#website"},"datePublished":"2019-10-23T00:54:18+00:00","dateModified":"2022-12-05T10:30:13+00:00","breadcrumb":{"@id":"https:\/\/www.retorta.it\/en\/privacy-policy\/#breadcrumb"},"inLanguage":"en-US","potentialAction":[{"@type":"ReadAction","target":["https:\/\/www.retorta.it\/en\/privacy-policy\/"]}]},{"@type":"BreadcrumbList","@id":"https:\/\/www.retorta.it\/en\/privacy-policy\/#breadcrumb","itemListElement":[{"@type":"ListItem","position":1,"name":"Home","item":"https:\/\/www.retorta.it\/en\/"},{"@type":"ListItem","position":2,"name":"Privacy Policy"}]},{"@type":"WebSite","@id":"https:\/\/www.retorta.it\/#website","url":"https:\/\/www.retorta.it\/","name":"Retorta \u2013 Firenze 1906","description":"Firenze 1906","publisher":{"@id":"https:\/\/www.retorta.it\/#organization"},"potentialAction":[{"@type":"SearchAction","target":{"@type":"EntryPoint","urlTemplate":"https:\/\/www.retorta.it\/?s={search_term_string}"},"query-input":{"@type":"PropertyValueSpecification","valueRequired":true,"valueName":"search_term_string"}}],"inLanguage":"en-US"},{"@type":"Organization","@id":"https:\/\/www.retorta.it\/#organization","name":"Retorta \u2013 Firenze 1906","url":"https:\/\/www.retorta.it\/","logo":{"@type":"ImageObject","inLanguage":"en-US","@id":"https:\/\/www.retorta.it\/#\/schema\/logo\/image\/","url":"https:\/\/www.retorta.it\/wp-content\/uploads\/2022\/12\/logo_red_new.png","contentUrl":"https:\/\/www.retorta.it\/wp-content\/uploads\/2022\/12\/logo_red_new.png","width":225,"height":130,"caption":"Retorta \u2013 Firenze 1906"},"image":{"@id":"https:\/\/www.retorta.it\/#\/schema\/logo\/image\/"},"sameAs":["https:\/\/www.facebook.com\/retortafirenze1906","https:\/\/www.instagram.com\/retortafirenze1906\/"]}]}},"_links":{"self":[{"href":"https:\/\/www.retorta.it\/en\/wp-json\/wp\/v2\/pages\/1246","targetHints":{"allow":["GET"]}}],"collection":[{"href":"https:\/\/www.retorta.it\/en\/wp-json\/wp\/v2\/pages"}],"about":[{"href":"https:\/\/www.retorta.it\/en\/wp-json\/wp\/v2\/types\/page"}],"author":[{"embeddable":true,"href":"https:\/\/www.retorta.it\/en\/wp-json\/wp\/v2\/users\/7"}],"replies":[{"embeddable":true,"href":"https:\/\/www.retorta.it\/en\/wp-json\/wp\/v2\/comments?post=1246"}],"version-history":[{"count":1,"href":"https:\/\/www.retorta.it\/en\/wp-json\/wp\/v2\/pages\/1246\/revisions"}],"predecessor-version":[{"id":1248,"href":"https:\/\/www.retorta.it\/en\/wp-json\/wp\/v2\/pages\/1246\/revisions\/1248"}],"wp:attachment":[{"href":"https:\/\/www.retorta.it\/en\/wp-json\/wp\/v2\/media?parent=1246"}],"curies":[{"name":"wp","href":"https:\/\/api.w.org\/{rel}","templated":true}]}}